{"id":686,"date":"2021-02-14T16:19:13","date_gmt":"2021-02-14T15:19:13","guid":{"rendered":"https:\/\/www.cubelamer.eu\/?page_id=686"},"modified":"2021-03-29T14:58:45","modified_gmt":"2021-03-29T12:58:45","slug":"ausflugstips","status":"publish","type":"page","link":"https:\/\/www.cubelamer.eu\/nl\/ausflugstips\/","title":{"rendered":"Tips voor Excursies"},"content":{"rendered":"<figure class=\"wp-block-image size-large\"><img fetchpriority=\"high\" decoding=\"async\" width=\"1024\" height=\"768\" src=\"https:\/\/www.cubelamer.eu\/wp-content\/uploads\/2021\/02\/Holzschuhe-1024x768.jpeg\" alt=\"\" class=\"wp-image-601\" srcset=\"https:\/\/www.cubelamer.eu\/wp-content\/uploads\/2021\/02\/Holzschuhe-1024x768.jpeg 1024w, https:\/\/www.cubelamer.eu\/wp-content\/uploads\/2021\/02\/Holzschuhe-300x225.jpeg 300w, https:\/\/www.cubelamer.eu\/wp-content\/uploads\/2021\/02\/Holzschuhe-768x576.jpeg 768w, https:\/\/www.cubelamer.eu\/wp-content\/uploads\/2021\/02\/Holzschuhe-1536x1152.jpeg 1536w\" sizes=\"(max-width: 1024px) 100vw, 1024px\" \/><\/figure>\n\n\n\n<h2 class=\"has-text-align-center has-text-color wp-block-heading\" style=\"color:#0071a1\"><strong>De mooiste plaatsen en excursies rond de Cube La Mer<\/strong><\/h2>\n\n\n\n<hr class=\"wp-block-separator is-style-wide\"\/>\n\n\n<div class=\"wp-block-categories-dropdown aligncenter wp-block-categories\"><label class=\"wp-block-categories__label\" for=\"wp-block-categories-1\">Categorie\u00ebn<\/label><select  name='category_name' id='wp-block-categories-1' class='postform'>\n\t<option value='-1'>Selecteer Categorie<\/option>\n\t<option class=\"level-0\" value=\"radtouren-und-tierparks\">Fietstochten en dierenparken<\/option>\n\t<option class=\"level-0\" value=\"staetetripp\">St\u00e4dtetrips&nbsp;&nbsp;(2)<\/option>\n\t<option class=\"level-0\" value=\"wassersport\">Watersport<\/option>\n<\/select><script type=\"text\/javascript\">\n\/* <![CDATA[ *\/\n( ( [ dropdownId, homeUrl ] ) => {\n\t\tconst dropdown = document.getElementById( dropdownId );\n\t\tfunction onSelectChange() {\n\t\t\tsetTimeout( () => {\n\t\t\t\tif ( 'escape' === dropdown.dataset.lastkey ) {\n\t\t\t\t\treturn;\n\t\t\t\t}\n\t\t\t\tif ( dropdown.value && dropdown instanceof HTMLSelectElement ) {\n\t\t\t\t\tconst url = new URL( homeUrl );\n\t\t\t\t\turl.searchParams.set( dropdown.name, dropdown.value );\n\t\t\t\t\tlocation.href = url.href;\n\t\t\t\t}\n\t\t\t}, 250 );\n\t\t}\n\t\tfunction onKeyUp( event ) {\n\t\t\tif ( 'Escape' === event.key ) {\n\t\t\t\tdropdown.dataset.lastkey = 'escape';\n\t\t\t} else {\n\t\t\t\tdelete dropdown.dataset.lastkey;\n\t\t\t}\n\t\t}\n\t\tfunction onClick() {\n\t\t\tdelete dropdown.dataset.lastkey;\n\t\t}\n\t\tdropdown.addEventListener( 'keyup', onKeyUp );\n\t\tdropdown.addEventListener( 'click', onClick );\n\t\tdropdown.addEventListener( 'change', onSelectChange );\n\t} )( [\"wp-block-categories-1\",\"https:\/\/www.cubelamer.eu\/nl\"] );\n\/\/# sourceURL=build_dropdown_script_block_core_categories\n\/* ]]> *\/\n<\/script>\n\n<\/div>\n\n<ul class=\"wp-block-latest-posts__list is-grid columns-3 wp-block-latest-posts\"><li><div class=\"wp-block-latest-posts__featured-image alignleft\"><a href=\"https:\/\/www.cubelamer.eu\/nl\/staetetripp\/utrecht\/\" aria-label=\"Utrecht\"><img decoding=\"async\" width=\"150\" height=\"150\" src=\"https:\/\/www.cubelamer.eu\/wp-content\/uploads\/2024\/02\/jonne-makikyro-p9I9J55p0Ic-unsplash-150x150.jpg\" class=\"attachment-thumbnail size-thumbnail wp-post-image\" alt=\"\" style=\"max-width:113px;max-height:113px;\" srcset=\"https:\/\/www.cubelamer.eu\/wp-content\/uploads\/2024\/02\/jonne-makikyro-p9I9J55p0Ic-unsplash-150x150.jpg 150w, https:\/\/www.cubelamer.eu\/wp-content\/uploads\/2024\/02\/jonne-makikyro-p9I9J55p0Ic-unsplash-300x300.jpg 300w, https:\/\/www.cubelamer.eu\/wp-content\/uploads\/2024\/02\/jonne-makikyro-p9I9J55p0Ic-unsplash-1024x1024.jpg 1024w, https:\/\/www.cubelamer.eu\/wp-content\/uploads\/2024\/02\/jonne-makikyro-p9I9J55p0Ic-unsplash-768x768.jpg 768w, https:\/\/www.cubelamer.eu\/wp-content\/uploads\/2024\/02\/jonne-makikyro-p9I9J55p0Ic-unsplash-1536x1536.jpg 1536w, https:\/\/www.cubelamer.eu\/wp-content\/uploads\/2024\/02\/jonne-makikyro-p9I9J55p0Ic-unsplash-2048x2048.jpg 2048w, https:\/\/www.cubelamer.eu\/wp-content\/uploads\/2024\/02\/jonne-makikyro-p9I9J55p0Ic-unsplash-12x12.jpg 12w\" sizes=\"(max-width: 150px) 100vw, 150px\" \/><\/a><\/div><a class=\"wp-block-latest-posts__post-title\" href=\"https:\/\/www.cubelamer.eu\/nl\/staetetripp\/utrecht\/\">Utrecht<\/a><div class=\"wp-block-latest-posts__post-excerpt\">Utrecht, eine charmante Stadt im Herzen Hollands, ist bekannt f\u00fcr ihre malerischen Grachten, historischen Geb\u00e4ude und die lebendige Universit\u00e4tsatmosph\u00e4re, die Besucher aus aller Welt anzieht. Vom Cube La Mer f\u00e4hrt&hellip;&nbsp;<a href=\"https:\/\/www.cubelamer.eu\/nl\/staetetripp\/utrecht\/\" class=\"\" rel=\"bookmark\">Lees verder &raquo;<span class=\"screen-reader-text\">Utrecht<\/span><\/a><\/div><\/li>\n<li><div class=\"wp-block-latest-posts__featured-image alignleft\"><a href=\"https:\/\/www.cubelamer.eu\/nl\/radtouren-und-tierparks\/apenheul\/\" aria-label=\"Burgers&#8216; Zoo Arnheim\"><img decoding=\"async\" width=\"150\" height=\"150\" src=\"https:\/\/www.cubelamer.eu\/wp-content\/uploads\/2021\/02\/Schildkro\u0308te-150x150.jpg\" class=\"attachment-thumbnail size-thumbnail wp-post-image\" alt=\"\" style=\"max-width:113px;max-height:113px;\" \/><\/a><\/div><a class=\"wp-block-latest-posts__post-title\" href=\"https:\/\/www.cubelamer.eu\/nl\/radtouren-und-tierparks\/apenheul\/\">Burgers&#8216; Zoo Arnheim<\/a><div class=\"wp-block-latest-posts__post-excerpt\">De oppervlakte van de dierentuin is plm 45 hectare. Op een gevied van 18 hectares leven 3000 dieren. Een groot aantal mensen is dagelijks bezig...&nbsp;<a href=\"https:\/\/www.cubelamer.eu\/nl\/radtouren-und-tierparks\/apenheul\/\" class=\"\" rel=\"bookmark\">Lees verder &raquo;<span class=\"screen-reader-text\">Burgers&#8216; Zoo Arnheim<\/span><\/a><\/div><\/li>\n<li><div class=\"wp-block-latest-posts__featured-image alignleft\"><a href=\"https:\/\/www.cubelamer.eu\/nl\/wassersport\/segeln\/\" aria-label=\"Het zeilen\"><img loading=\"lazy\" decoding=\"async\" width=\"150\" height=\"150\" src=\"https:\/\/www.cubelamer.eu\/wp-content\/uploads\/2021\/02\/Segelkollage-150x150.jpeg\" class=\"attachment-thumbnail size-thumbnail wp-post-image\" alt=\"\" style=\"max-width:113px;max-height:113px;\" srcset=\"https:\/\/www.cubelamer.eu\/wp-content\/uploads\/2021\/02\/Segelkollage-150x150.jpeg 150w, https:\/\/www.cubelamer.eu\/wp-content\/uploads\/2021\/02\/Segelkollage-300x300.jpeg 300w, https:\/\/www.cubelamer.eu\/wp-content\/uploads\/2021\/02\/Segelkollage-1024x1024.jpeg 1024w, https:\/\/www.cubelamer.eu\/wp-content\/uploads\/2021\/02\/Segelkollage-768x768.jpeg 768w, https:\/\/www.cubelamer.eu\/wp-content\/uploads\/2021\/02\/Segelkollage.jpeg 1280w\" sizes=\"(max-width: 150px) 100vw, 150px\" \/><\/a><\/div><a class=\"wp-block-latest-posts__post-title\" href=\"https:\/\/www.cubelamer.eu\/nl\/wassersport\/segeln\/\">Het zeilen<\/a><div class=\"wp-block-latest-posts__post-excerpt\">Ik heb er genoeg van, ik ga zeilen! We kunnen de wind niet veranderen, maar we kunnen wel de zeilen anders zetten Bij De Randmeren kunt u zeilboten huren voor maximaal 6 personen. Vanuit de Cube La Mer kunt u...&nbsp;<a href=\"https:\/\/www.cubelamer.eu\/nl\/wassersport\/segeln\/\" class=\"\" rel=\"bookmark\">Lees verder &raquo;<span class=\"screen-reader-text\">Het zeilen<\/span><\/a><\/div><\/li>\n<li><div class=\"wp-block-latest-posts__featured-image alignleft\"><a href=\"https:\/\/www.cubelamer.eu\/nl\/staetetripp\/amsterdam\/\" aria-label=\"Amsterdam\"><img loading=\"lazy\" decoding=\"async\" width=\"150\" height=\"150\" src=\"https:\/\/www.cubelamer.eu\/wp-content\/uploads\/2021\/01\/Amsterdam-150x150.jpeg\" class=\"attachment-thumbnail size-thumbnail wp-post-image\" alt=\"\" style=\"max-width:113px;max-height:113px;\" \/><\/a><\/div><a class=\"wp-block-latest-posts__post-title\" href=\"https:\/\/www.cubelamer.eu\/nl\/staetetripp\/amsterdam\/\">Amsterdam<\/a><div class=\"wp-block-latest-posts__post-excerpt\">Amsterdam, mit seinen ikonischen Grachten, reichhaltiger Kunstgeschichte und lebendigen kulturellen Szene, ist eine pulsierende Metropole, die Besucher aus aller Welt mit ihrer einzigartigen Mischung aus historischem Charme und modernem Flair&hellip;&nbsp;<a href=\"https:\/\/www.cubelamer.eu\/nl\/staetetripp\/amsterdam\/\" class=\"\" rel=\"bookmark\">Lees verder &raquo;<span class=\"screen-reader-text\">Amsterdam<\/span><\/a><\/div><\/li>\n<\/ul>\n\n\n<p><\/p>","protected":false},"excerpt":{"rendered":"<p>De mooiste plaatsen en excursies rond de Cube La Mer<\/p>","protected":false},"author":1,"featured_media":0,"parent":0,"menu_order":0,"comment_status":"closed","ping_status":"closed","template":"","meta":{"neve_meta_sidebar":"full-width","neve_meta_container":"","neve_meta_enable_content_width":"on","neve_meta_content_width":100,"neve_meta_title_alignment":"","neve_meta_author_avatar":"","neve_post_elements_order":"","neve_meta_disable_header":"","neve_meta_disable_footer":"","neve_meta_disable_title":"","footnotes":""},"class_list":["post-686","page","type-page","status-publish","hentry"],"yoast_head":"<!-- This site is optimized with the Yoast SEO plugin v24.1 - https:\/\/yoast.com\/wordpress\/plugins\/seo\/ -->\n<title>Ausflugstipps | Cube La Mer<\/title>\n<meta name=\"robots\" content=\"index, follow, max-snippet:-1, max-image-preview:large, max-video-preview:-1\" \/>\n<link rel=\"canonical\" href=\"https:\/\/www.cubelamer.eu\/nl\/ausflugstips\/\" \/>\n<meta property=\"og:locale\" content=\"nl_NL\" \/>\n<meta property=\"og:type\" content=\"article\" \/>\n<meta property=\"og:title\" content=\"Ausflugstipps | Cube La Mer\" \/>\n<meta property=\"og:description\" content=\"Die sch\u00f6nsten Orte &amp; Ausfl\u00fcge rund um den Cube La Mer\" \/>\n<meta property=\"og:url\" content=\"https:\/\/www.cubelamer.eu\/nl\/ausflugstips\/\" \/>\n<meta property=\"og:site_name\" content=\"Cube La Mer\" \/>\n<meta property=\"article:modified_time\" content=\"2021-03-29T12:58:45+00:00\" \/>\n<meta property=\"og:image\" content=\"https:\/\/www.cubelamer.eu\/wp-content\/uploads\/2021\/02\/Holzschuhe-1024x768.jpeg\" \/>\n<meta name=\"twitter:card\" content=\"summary_large_image\" \/>\n<meta name=\"twitter:label1\" content=\"Verwachte leestijd\" \/>\n\t<meta name=\"twitter:data1\" content=\"1 minuut\" \/>\n<script type=\"application\/ld+json\" class=\"yoast-schema-graph\">{\"@context\":\"https:\/\/schema.org\",\"@graph\":[{\"@type\":\"WebPage\",\"@id\":\"https:\/\/www.cubelamer.eu\/ausflugstips\/\",\"url\":\"https:\/\/www.cubelamer.eu\/ausflugstips\/\",\"name\":\"Ausflugstipps | Cube La Mer\",\"isPartOf\":{\"@id\":\"https:\/\/www.cubelamer.eu\/#website\"},\"primaryImageOfPage\":{\"@id\":\"https:\/\/www.cubelamer.eu\/ausflugstips\/#primaryimage\"},\"image\":{\"@id\":\"https:\/\/www.cubelamer.eu\/ausflugstips\/#primaryimage\"},\"thumbnailUrl\":\"https:\/\/www.cubelamer.eu\/wp-content\/uploads\/2021\/02\/Holzschuhe-1024x768.jpeg\",\"datePublished\":\"2021-02-14T15:19:13+00:00\",\"dateModified\":\"2021-03-29T12:58:45+00:00\",\"breadcrumb\":{\"@id\":\"https:\/\/www.cubelamer.eu\/ausflugstips\/#breadcrumb\"},\"inLanguage\":\"nl-NL\",\"potentialAction\":[{\"@type\":\"ReadAction\",\"target\":[\"https:\/\/www.cubelamer.eu\/ausflugstips\/\"]}]},{\"@type\":\"ImageObject\",\"inLanguage\":\"nl-NL\",\"@id\":\"https:\/\/www.cubelamer.eu\/ausflugstips\/#primaryimage\",\"url\":\"https:\/\/www.cubelamer.eu\/wp-content\/uploads\/2021\/02\/Holzschuhe-1024x768.jpeg\",\"contentUrl\":\"https:\/\/www.cubelamer.eu\/wp-content\/uploads\/2021\/02\/Holzschuhe-1024x768.jpeg\"},{\"@type\":\"BreadcrumbList\",\"@id\":\"https:\/\/www.cubelamer.eu\/ausflugstips\/#breadcrumb\",\"itemListElement\":[{\"@type\":\"ListItem\",\"position\":1,\"name\":\"Startseite\",\"item\":\"https:\/\/www.cubelamer.eu\/\"},{\"@type\":\"ListItem\",\"position\":2,\"name\":\"Ausflugstipps\"}]},{\"@type\":\"WebSite\",\"@id\":\"https:\/\/www.cubelamer.eu\/#website\",\"url\":\"https:\/\/www.cubelamer.eu\/\",\"name\":\"Cube La Mer\",\"description\":\"\",\"publisher\":{\"@id\":\"https:\/\/www.cubelamer.eu\/#organization\"},\"potentialAction\":[{\"@type\":\"SearchAction\",\"target\":{\"@type\":\"EntryPoint\",\"urlTemplate\":\"https:\/\/www.cubelamer.eu\/?s={search_term_string}\"},\"query-input\":{\"@type\":\"PropertyValueSpecification\",\"valueRequired\":true,\"valueName\":\"search_term_string\"}}],\"inLanguage\":\"nl-NL\"},{\"@type\":\"Organization\",\"@id\":\"https:\/\/www.cubelamer.eu\/#organization\",\"name\":\"Cube La Mer\",\"url\":\"https:\/\/www.cubelamer.eu\/\",\"logo\":{\"@type\":\"ImageObject\",\"inLanguage\":\"nl-NL\",\"@id\":\"https:\/\/www.cubelamer.eu\/#\/schema\/logo\/image\/\",\"url\":\"https:\/\/www.cubelamer.eu\/wp-content\/uploads\/2021\/01\/Cube-La-Mer_weiss.png\",\"contentUrl\":\"https:\/\/www.cubelamer.eu\/wp-content\/uploads\/2021\/01\/Cube-La-Mer_weiss.png\",\"width\":3508,\"height\":526,\"caption\":\"Cube La Mer\"},\"image\":{\"@id\":\"https:\/\/www.cubelamer.eu\/#\/schema\/logo\/image\/\"},\"sameAs\":[\"https:\/\/www.instagram.com\/cubelamer\/\",\"https:\/\/youtu.be\/ahO3uqYhij0\"]}]}<\/script>\n<!-- \/ Yoast SEO plugin. -->","yoast_head_json":{"title":"Ausflugstipps | Cube La Mer","robots":{"index":"index","follow":"follow","max-snippet":"max-snippet:-1","max-image-preview":"max-image-preview:large","max-video-preview":"max-video-preview:-1"},"canonical":"https:\/\/www.cubelamer.eu\/nl\/ausflugstips\/","og_locale":"nl_NL","og_type":"article","og_title":"Ausflugstipps | Cube La Mer","og_description":"Die sch\u00f6nsten Orte &amp; Ausfl\u00fcge rund um den Cube La Mer","og_url":"https:\/\/www.cubelamer.eu\/nl\/ausflugstips\/","og_site_name":"Cube La Mer","article_modified_time":"2021-03-29T12:58:45+00:00","og_image":[{"url":"https:\/\/www.cubelamer.eu\/wp-content\/uploads\/2021\/02\/Holzschuhe-1024x768.jpeg","type":"","width":"","height":""}],"twitter_card":"summary_large_image","twitter_misc":{"Verwachte leestijd":"1 minuut"},"schema":{"@context":"https:\/\/schema.org","@graph":[{"@type":"WebPage","@id":"https:\/\/www.cubelamer.eu\/ausflugstips\/","url":"https:\/\/www.cubelamer.eu\/ausflugstips\/","name":"Ausflugstipps | Cube La Mer","isPartOf":{"@id":"https:\/\/www.cubelamer.eu\/#website"},"primaryImageOfPage":{"@id":"https:\/\/www.cubelamer.eu\/ausflugstips\/#primaryimage"},"image":{"@id":"https:\/\/www.cubelamer.eu\/ausflugstips\/#primaryimage"},"thumbnailUrl":"https:\/\/www.cubelamer.eu\/wp-content\/uploads\/2021\/02\/Holzschuhe-1024x768.jpeg","datePublished":"2021-02-14T15:19:13+00:00","dateModified":"2021-03-29T12:58:45+00:00","breadcrumb":{"@id":"https:\/\/www.cubelamer.eu\/ausflugstips\/#breadcrumb"},"inLanguage":"nl-NL","potentialAction":[{"@type":"ReadAction","target":["https:\/\/www.cubelamer.eu\/ausflugstips\/"]}]},{"@type":"ImageObject","inLanguage":"nl-NL","@id":"https:\/\/www.cubelamer.eu\/ausflugstips\/#primaryimage","url":"https:\/\/www.cubelamer.eu\/wp-content\/uploads\/2021\/02\/Holzschuhe-1024x768.jpeg","contentUrl":"https:\/\/www.cubelamer.eu\/wp-content\/uploads\/2021\/02\/Holzschuhe-1024x768.jpeg"},{"@type":"BreadcrumbList","@id":"https:\/\/www.cubelamer.eu\/ausflugstips\/#breadcrumb","itemListElement":[{"@type":"ListItem","position":1,"name":"Startseite","item":"https:\/\/www.cubelamer.eu\/"},{"@type":"ListItem","position":2,"name":"Ausflugstipps"}]},{"@type":"WebSite","@id":"https:\/\/www.cubelamer.eu\/#website","url":"https:\/\/www.cubelamer.eu\/","name":"Cube La Mer","description":"","publisher":{"@id":"https:\/\/www.cubelamer.eu\/#organization"},"potentialAction":[{"@type":"SearchAction","target":{"@type":"EntryPoint","urlTemplate":"https:\/\/www.cubelamer.eu\/?s={search_term_string}"},"query-input":{"@type":"PropertyValueSpecification","valueRequired":true,"valueName":"search_term_string"}}],"inLanguage":"nl-NL"},{"@type":"Organization","@id":"https:\/\/www.cubelamer.eu\/#organization","name":"Cube La Mer","url":"https:\/\/www.cubelamer.eu\/","logo":{"@type":"ImageObject","inLanguage":"nl-NL","@id":"https:\/\/www.cubelamer.eu\/#\/schema\/logo\/image\/","url":"https:\/\/www.cubelamer.eu\/wp-content\/uploads\/2021\/01\/Cube-La-Mer_weiss.png","contentUrl":"https:\/\/www.cubelamer.eu\/wp-content\/uploads\/2021\/01\/Cube-La-Mer_weiss.png","width":3508,"height":526,"caption":"Cube La Mer"},"image":{"@id":"https:\/\/www.cubelamer.eu\/#\/schema\/logo\/image\/"},"sameAs":["https:\/\/www.instagram.com\/cubelamer\/","https:\/\/youtu.be\/ahO3uqYhij0"]}]}},"_links":{"self":[{"href":"https:\/\/www.cubelamer.eu\/nl\/wp-json\/wp\/v2\/pages\/686","targetHints":{"allow":["GET"]}}],"collection":[{"href":"https:\/\/www.cubelamer.eu\/nl\/wp-json\/wp\/v2\/pages"}],"about":[{"href":"https:\/\/www.cubelamer.eu\/nl\/wp-json\/wp\/v2\/types\/page"}],"author":[{"embeddable":true,"href":"https:\/\/www.cubelamer.eu\/nl\/wp-json\/wp\/v2\/users\/1"}],"replies":[{"embeddable":true,"href":"https:\/\/www.cubelamer.eu\/nl\/wp-json\/wp\/v2\/comments?post=686"}],"version-history":[{"count":20,"href":"https:\/\/www.cubelamer.eu\/nl\/wp-json\/wp\/v2\/pages\/686\/revisions"}],"predecessor-version":[{"id":1002,"href":"https:\/\/www.cubelamer.eu\/nl\/wp-json\/wp\/v2\/pages\/686\/revisions\/1002"}],"wp:attachment":[{"href":"https:\/\/www.cubelamer.eu\/nl\/wp-json\/wp\/v2\/media?parent=686"}],"curies":[{"name":"wp","href":"https:\/\/api.w.org\/{rel}","templated":true}]}}