{"id":350,"date":"2021-01-30T11:49:37","date_gmt":"2021-01-30T10:49:37","guid":{"rendered":"http:\/\/www.cubelamer.eu\/?page_id=350"},"modified":"2022-01-18T15:50:48","modified_gmt":"2022-01-18T14:50:48","slug":"der-park","status":"publish","type":"page","link":"https:\/\/www.cubelamer.eu\/nl\/der-park\/","title":{"rendered":"Het Park"},"content":{"rendered":"<figure class=\"wp-block-image size-large is-style-default\"><img fetchpriority=\"high\" decoding=\"async\" width=\"966\" height=\"724\" src=\"https:\/\/www.cubelamer.eu\/wp-content\/uploads\/2021\/01\/Steeg-ins-Meer-bei-Sonnenuntergang.jpeg\" alt=\"\" class=\"wp-image-272\" srcset=\"https:\/\/www.cubelamer.eu\/wp-content\/uploads\/2021\/01\/Steeg-ins-Meer-bei-Sonnenuntergang.jpeg 966w, https:\/\/www.cubelamer.eu\/wp-content\/uploads\/2021\/01\/Steeg-ins-Meer-bei-Sonnenuntergang-300x225.jpeg 300w, https:\/\/www.cubelamer.eu\/wp-content\/uploads\/2021\/01\/Steeg-ins-Meer-bei-Sonnenuntergang-768x576.jpeg 768w\" sizes=\"(max-width: 966px) 100vw, 966px\" \/><figcaption>EuroParcs Bad Hoophuizen<\/figcaption><\/figure>\n\n\n\n<h2 class=\"has-text-color wp-block-heading\" style=\"color:#0071a1\">Aanbiedingen in het park<\/h2>\n\n\n\n<ul class=\"wp-block-list\"><li>Vanuit het vakantiehuis is het maar 30 meter naar het strand<\/li><li>Winkel voor uw dagelijkse boodschappen, binnenzwembad, kinder zwembad en wellness op het park aanwezig<\/li><li>Watersport activiteit te boeken op het park,\u00a0<u><a rel=\"noreferrer noopener\" href=\"https:\/\/windywaters.nl\/?lang=de\" target=\"_blank\">WindyWaters<\/a><\/u> vlak bij de woning<\/li><li>Indoor fun en speeltuin, mogelijkheid voor fiets en skelterhuur<\/li><li>Oplaad mogelijkheid voor elektrische auto's (11KW, provider: ECOTAP), en oplaad mogelijkheid voor elektrische fietsen<\/li><li>Zeilschool en bootverhuur bij:\u00a0<a rel=\"noreferrer noopener\" href=\"https:\/\/www.derandmeren.nl\/de\/\" target=\"_blank\"><u>De Randmeren<\/u><\/a>\u00a0(overkant van het meer)<\/li><li>Wasmachines en drogers  op het park (open voor gasten)<\/li><li>Restaurant\u00a0<a href=\"https:\/\/www.sophiasitalianhulshorst.nl\/\" target=\"_blank\" rel=\"noreferrer noopener\"><u>Sophia&#8217;s Italian<\/u><\/a>\u00a0en een snackbar voor de kleine hap<\/li><li>Attracties in de omgeving zijn te boeken tegen gereduceerd tarief via EuroParcs:\u00a0<a href=\"https:\/\/www.europarcsresorts.de\/ferienparks\/niederlande\/gelderland\/bad-hoophuizen?_gl=1%2a1cwm74i%2a_ga%2aMTc5NDkxMTkxOS4xNjMxNjIwMjAy%2a_gid%2aMzg3MDE3NjUyLjE2NDI0MDkwNjE.%2a_fplc%2aZU4xUHp0SWg3TmlDQmtnekE3UEIlMkIwTXpzdWV1TGI3YllIeTgwaEE4QXF5bUJlMzdHeUxXZG5IJTJGM1pkekZzY25CVE80NUQzTk16V2tBMjdyNnYwcXZuNTJ1JTJCTHdFYWxCU3BCVTg1c3RSNzRsVFJ4d0N3a3VLU3I4dmc4T2F3JTNEJTNE%2a_ga_FLVZT0NC5M%2aMTY0MjUxNjk4OS4zLjAuMTY0MjUxNzEwNC4w\" target=\"_blank\" rel=\"noreferrer noopener\"><u>Greatest attractions nearby<\/u><\/a>\u00a0<\/li><\/ul>\n\n\n\n<p>     <\/p>\n\n\n\n<div class=\"wp-block-buttons is-content-justification-center is-layout-flex wp-block-buttons-is-layout-flex\">\n<div class=\"wp-block-button\"><a class=\"wp-block-button__link has-background\" href=\"https:\/\/www.europarcsresorts.de\/ferienparks\/niederlande\/gelderland\/bad-hoophuizen?_gl=1%2a1cwm74i%2a_ga%2aMTc5NDkxMTkxOS4xNjMxNjIwMjAy%2a_gid%2aMzg3MDE3NjUyLjE2NDI0MDkwNjE.%2a_fplc%2aZU4xUHp0SWg3TmlDQmtnekE3UEIlMkIwTXpzdWV1TGI3YllIeTgwaEE4QXF5bUJlMzdHeUxXZG5IJTJGM1pkekZzY25CVE80NUQzTk16V2tBMjdyNnYwcXZuNTJ1JTJCTHdFYWxCU3BCVTg1c3RSNzRsVFJ4d0N3a3VLU3I4dmc4T2F3JTNEJTNE%2a_ga_FLVZT0NC5M%2aMTY0MjUxNjk4OS4zLjAuMTY0MjUxNzEwNC4w#einrichtungen\" style=\"border-radius:50px;background-color:#0071a1\" target=\"_blank\" rel=\"noreferrer noopener\"><strong>Meer informatie over de faciliteiten van EuroParcs Bad Hoophuizen<\/strong><\/a><\/div>\n<\/div>\n\n\n\n<p>      <\/p>\n\n\n\n<h3 class=\"has-text-color wp-block-heading\" style=\"color:#0071a1\">Het zwembad<\/h3>\n\n\n\n<figure class=\"wp-block-gallery columns-3 is-cropped wp-block-gallery-1 is-layout-flex wp-block-gallery-is-layout-flex\"><ul class=\"blocks-gallery-grid\"><li class=\"blocks-gallery-item\"><figure><img decoding=\"async\" width=\"1024\" height=\"768\" src=\"http:\/\/www.cubelamer.eu\/wp-content\/uploads\/2021\/01\/Schwimmbad-III-1024x768.jpeg\" alt=\"\" data-id=\"530\" data-full-url=\"http:\/\/www.cubelamer.eu\/wp-content\/uploads\/2021\/01\/Schwimmbad-III.jpeg\" data-link=\"http:\/\/www.cubelamer.eu\/der-park\/attachment\/schwimmbad-iii\/\" class=\"wp-image-530\" srcset=\"https:\/\/www.cubelamer.eu\/wp-content\/uploads\/2021\/01\/Schwimmbad-III-1024x768.jpeg 1024w, https:\/\/www.cubelamer.eu\/wp-content\/uploads\/2021\/01\/Schwimmbad-III-300x225.jpeg 300w, https:\/\/www.cubelamer.eu\/wp-content\/uploads\/2021\/01\/Schwimmbad-III-768x576.jpeg 768w, https:\/\/www.cubelamer.eu\/wp-content\/uploads\/2021\/01\/Schwimmbad-III.jpeg 1200w\" sizes=\"(max-width: 1024px) 100vw, 1024px\" \/><figcaption class=\"blocks-gallery-item__caption\">Wellness voor de ziel<\/figcaption><\/figure><\/li><li class=\"blocks-gallery-item\"><figure><img decoding=\"async\" width=\"1024\" height=\"768\" src=\"http:\/\/www.cubelamer.eu\/wp-content\/uploads\/2021\/01\/Schwimmbad-II-1024x768.jpeg\" alt=\"\" data-id=\"531\" data-full-url=\"http:\/\/www.cubelamer.eu\/wp-content\/uploads\/2021\/01\/Schwimmbad-II.jpeg\" data-link=\"http:\/\/www.cubelamer.eu\/der-park\/attachment\/schwimmbad-ii\/\" class=\"wp-image-531\" srcset=\"https:\/\/www.cubelamer.eu\/wp-content\/uploads\/2021\/01\/Schwimmbad-II-1024x768.jpeg 1024w, https:\/\/www.cubelamer.eu\/wp-content\/uploads\/2021\/01\/Schwimmbad-II-300x225.jpeg 300w, https:\/\/www.cubelamer.eu\/wp-content\/uploads\/2021\/01\/Schwimmbad-II-768x576.jpeg 768w, https:\/\/www.cubelamer.eu\/wp-content\/uploads\/2021\/01\/Schwimmbad-II.jpeg 1200w\" sizes=\"(max-width: 1024px) 100vw, 1024px\" \/><figcaption class=\"blocks-gallery-item__caption\">Kinderzwembad<\/figcaption><\/figure><\/li><li class=\"blocks-gallery-item\"><figure><img loading=\"lazy\" decoding=\"async\" width=\"1024\" height=\"768\" src=\"http:\/\/www.cubelamer.eu\/wp-content\/uploads\/2021\/01\/Schwimmbad-I-1024x768.jpeg\" alt=\"\" data-id=\"532\" data-full-url=\"http:\/\/www.cubelamer.eu\/wp-content\/uploads\/2021\/01\/Schwimmbad-I.jpeg\" data-link=\"http:\/\/www.cubelamer.eu\/der-park\/attachment\/schwimmbad-i\/\" class=\"wp-image-532\" srcset=\"https:\/\/www.cubelamer.eu\/wp-content\/uploads\/2021\/01\/Schwimmbad-I-1024x768.jpeg 1024w, https:\/\/www.cubelamer.eu\/wp-content\/uploads\/2021\/01\/Schwimmbad-I-300x225.jpeg 300w, https:\/\/www.cubelamer.eu\/wp-content\/uploads\/2021\/01\/Schwimmbad-I-768x576.jpeg 768w, https:\/\/www.cubelamer.eu\/wp-content\/uploads\/2021\/01\/Schwimmbad-I.jpeg 1200w\" sizes=\"(max-width: 1024px) 100vw, 1024px\" \/><figcaption class=\"blocks-gallery-item__caption\">Zwembad met ligstoelen<\/figcaption><\/figure><\/li><\/ul><\/figure>\n\n\n\n<div class=\"wp-block-buttons is-layout-flex wp-block-buttons-is-layout-flex\"><\/div>\n\n\n\n<h2 class=\"has-text-align-center has-text-color wp-block-heading\" style=\"color:#0071a1\">Routeomschrijving naar het vakantiehuis <em>Cube La Mer<\/em><\/h2>\n\n\n\n<center><iframe src=\"https:\/\/www.google.com\/maps\/embed?pb=!1m18!1m12!1m3!1d1217.6315209791826!2d5.706115514394731!3d52.38378171403863!2m3!1f0!2f0!3f0!3m2!1i1024!2i768!4f13.1!3m3!1m2!1s0x0%3A0xf05b3274a53eb081!2sCube%20La%20Mer!5e0!3m2!1sen!2snl!4v1612205489141!5m2!1sen!2snl\" width=\"600\" height=\"450\" frameborder=\"0\" style=\"border:0;\" allowfullscreen=\"\" aria-hidden=\"false\" tabindex=\"0\"><\/iframe><\/center>\n\n\n\n<div class=\"wp-block-buttons is-layout-flex wp-block-buttons-is-layout-flex\"><\/div>\n\n\n\n<p><\/p>","protected":false},"excerpt":{"rendered":"<p>Angebote im Park vom Ferienhaus bis zum breiten Sandstrand sind es nur 30 Meter Shop &amp; parkeigenes beheiztes Hallenbad mit gro\u00dfem Schwimmbecken, Kinderbecken und \u00a0Wellnessbereich im Park Wassersportzentrum\u00a0WindyWaters direkt im Park (nur 25 Meter vom Ferienhaus entfernt) Indoor-Fun &amp; Spielpl\u00e4tze, Fahrrad- und Kettcar-Verleih Ladem\u00f6glichkeiten f\u00fcr Elektroautos (11KW, Betreiber: Ecotap) und E-Bikes Segelschule und Bootsverleih bei\u00a0De&hellip;&nbsp;<a href=\"https:\/\/www.cubelamer.eu\/nl\/der-park\/\" class=\"\" rel=\"bookmark\">Lees verder &raquo;<span class=\"screen-reader-text\">Het Park<\/span><\/a><\/p>","protected":false},"author":1,"featured_media":523,"parent":0,"menu_order":0,"comment_status":"closed","ping_status":"closed","template":"","meta":{"neve_meta_sidebar":"full-width","neve_meta_container":"","neve_meta_enable_content_width":"on","neve_meta_content_width":100,"neve_meta_title_alignment":"","neve_meta_author_avatar":"","neve_post_elements_order":"","neve_meta_disable_header":"","neve_meta_disable_footer":"","neve_meta_disable_title":"","footnotes":""},"class_list":["post-350","page","type-page","status-publish","has-post-thumbnail","hentry"],"yoast_head":"<!-- This site is optimized with the Yoast SEO plugin v24.1 - https:\/\/yoast.com\/wordpress\/plugins\/seo\/ -->\n<title>Der Park | Cube La Mer<\/title>\n<meta name=\"robots\" content=\"index, follow, max-snippet:-1, max-image-preview:large, max-video-preview:-1\" \/>\n<link rel=\"canonical\" href=\"https:\/\/www.cubelamer.eu\/nl\/der-park\/\" \/>\n<meta property=\"og:locale\" content=\"nl_NL\" \/>\n<meta property=\"og:type\" content=\"article\" \/>\n<meta property=\"og:title\" content=\"Der Park | Cube La Mer\" \/>\n<meta property=\"og:description\" content=\"Angebote im Park vom Ferienhaus bis zum breiten Sandstrand sind es nur 30 Meter Shop &amp; parkeigenes beheiztes Hallenbad mit gro\u00dfem Schwimmbecken, Kinderbecken und \u00a0Wellnessbereich im Park Wassersportzentrum\u00a0WindyWaters direkt im Park (nur 25 Meter vom Ferienhaus entfernt) Indoor-Fun &amp; Spielpl\u00e4tze, Fahrrad- und Kettcar-Verleih Ladem\u00f6glichkeiten f\u00fcr Elektroautos (11KW, Betreiber: Ecotap) und E-Bikes Segelschule und Bootsverleih bei\u00a0De&hellip;&nbsp;Lees verder &raquo;Der Park\" \/>\n<meta property=\"og:url\" content=\"https:\/\/www.cubelamer.eu\/nl\/der-park\/\" \/>\n<meta property=\"og:site_name\" content=\"Cube La Mer\" \/>\n<meta property=\"article:modified_time\" content=\"2022-01-18T14:50:48+00:00\" \/>\n<meta property=\"og:image\" content=\"https:\/\/www.cubelamer.eu\/wp-content\/uploads\/2021\/01\/Strand-im-Droompark.jpeg\" \/>\n\t<meta property=\"og:image:width\" content=\"2560\" \/>\n\t<meta property=\"og:image:height\" content=\"914\" \/>\n\t<meta property=\"og:image:type\" content=\"image\/jpeg\" \/>\n<meta name=\"twitter:card\" content=\"summary_large_image\" \/>\n<meta name=\"twitter:label1\" content=\"Verwachte leestijd\" \/>\n\t<meta name=\"twitter:data1\" content=\"2 minuten\" \/>\n<script type=\"application\/ld+json\" class=\"yoast-schema-graph\">{\"@context\":\"https:\/\/schema.org\",\"@graph\":[{\"@type\":\"WebPage\",\"@id\":\"https:\/\/www.cubelamer.eu\/der-park\/\",\"url\":\"https:\/\/www.cubelamer.eu\/der-park\/\",\"name\":\"Der Park | Cube La Mer\",\"isPartOf\":{\"@id\":\"https:\/\/www.cubelamer.eu\/#website\"},\"primaryImageOfPage\":{\"@id\":\"https:\/\/www.cubelamer.eu\/der-park\/#primaryimage\"},\"image\":{\"@id\":\"https:\/\/www.cubelamer.eu\/der-park\/#primaryimage\"},\"thumbnailUrl\":\"https:\/\/www.cubelamer.eu\/wp-content\/uploads\/2021\/01\/Strand-im-Droompark.jpeg\",\"datePublished\":\"2021-01-30T10:49:37+00:00\",\"dateModified\":\"2022-01-18T14:50:48+00:00\",\"breadcrumb\":{\"@id\":\"https:\/\/www.cubelamer.eu\/der-park\/#breadcrumb\"},\"inLanguage\":\"nl-NL\",\"potentialAction\":[{\"@type\":\"ReadAction\",\"target\":[\"https:\/\/www.cubelamer.eu\/der-park\/\"]}]},{\"@type\":\"ImageObject\",\"inLanguage\":\"nl-NL\",\"@id\":\"https:\/\/www.cubelamer.eu\/der-park\/#primaryimage\",\"url\":\"https:\/\/www.cubelamer.eu\/wp-content\/uploads\/2021\/01\/Strand-im-Droompark.jpeg\",\"contentUrl\":\"https:\/\/www.cubelamer.eu\/wp-content\/uploads\/2021\/01\/Strand-im-Droompark.jpeg\",\"width\":2560,\"height\":914,\"caption\":\"Strand im Droompark Bad Hoophuizen\"},{\"@type\":\"BreadcrumbList\",\"@id\":\"https:\/\/www.cubelamer.eu\/der-park\/#breadcrumb\",\"itemListElement\":[{\"@type\":\"ListItem\",\"position\":1,\"name\":\"Startseite\",\"item\":\"https:\/\/www.cubelamer.eu\/\"},{\"@type\":\"ListItem\",\"position\":2,\"name\":\"Der Park\"}]},{\"@type\":\"WebSite\",\"@id\":\"https:\/\/www.cubelamer.eu\/#website\",\"url\":\"https:\/\/www.cubelamer.eu\/\",\"name\":\"Cube La Mer\",\"description\":\"\",\"publisher\":{\"@id\":\"https:\/\/www.cubelamer.eu\/#organization\"},\"potentialAction\":[{\"@type\":\"SearchAction\",\"target\":{\"@type\":\"EntryPoint\",\"urlTemplate\":\"https:\/\/www.cubelamer.eu\/?s={search_term_string}\"},\"query-input\":{\"@type\":\"PropertyValueSpecification\",\"valueRequired\":true,\"valueName\":\"search_term_string\"}}],\"inLanguage\":\"nl-NL\"},{\"@type\":\"Organization\",\"@id\":\"https:\/\/www.cubelamer.eu\/#organization\",\"name\":\"Cube La Mer\",\"url\":\"https:\/\/www.cubelamer.eu\/\",\"logo\":{\"@type\":\"ImageObject\",\"inLanguage\":\"nl-NL\",\"@id\":\"https:\/\/www.cubelamer.eu\/#\/schema\/logo\/image\/\",\"url\":\"https:\/\/www.cubelamer.eu\/wp-content\/uploads\/2021\/01\/Cube-La-Mer_weiss.png\",\"contentUrl\":\"https:\/\/www.cubelamer.eu\/wp-content\/uploads\/2021\/01\/Cube-La-Mer_weiss.png\",\"width\":3508,\"height\":526,\"caption\":\"Cube La Mer\"},\"image\":{\"@id\":\"https:\/\/www.cubelamer.eu\/#\/schema\/logo\/image\/\"},\"sameAs\":[\"https:\/\/www.instagram.com\/cubelamer\/\",\"https:\/\/youtu.be\/ahO3uqYhij0\"]}]}<\/script>\n<!-- \/ Yoast SEO plugin. -->","yoast_head_json":{"title":"Der Park | Cube La Mer","robots":{"index":"index","follow":"follow","max-snippet":"max-snippet:-1","max-image-preview":"max-image-preview:large","max-video-preview":"max-video-preview:-1"},"canonical":"https:\/\/www.cubelamer.eu\/nl\/der-park\/","og_locale":"nl_NL","og_type":"article","og_title":"Der Park | Cube La Mer","og_description":"Angebote im Park vom Ferienhaus bis zum breiten Sandstrand sind es nur 30 Meter Shop &amp; parkeigenes beheiztes Hallenbad mit gro\u00dfem Schwimmbecken, Kinderbecken und \u00a0Wellnessbereich im Park Wassersportzentrum\u00a0WindyWaters direkt im Park (nur 25 Meter vom Ferienhaus entfernt) Indoor-Fun &amp; Spielpl\u00e4tze, Fahrrad- und Kettcar-Verleih Ladem\u00f6glichkeiten f\u00fcr Elektroautos (11KW, Betreiber: Ecotap) und E-Bikes Segelschule und Bootsverleih bei\u00a0De&hellip;&nbsp;Lees verder &raquo;Der Park","og_url":"https:\/\/www.cubelamer.eu\/nl\/der-park\/","og_site_name":"Cube La Mer","article_modified_time":"2022-01-18T14:50:48+00:00","og_image":[{"width":2560,"height":914,"url":"https:\/\/www.cubelamer.eu\/wp-content\/uploads\/2021\/01\/Strand-im-Droompark.jpeg","type":"image\/jpeg"}],"twitter_card":"summary_large_image","twitter_misc":{"Verwachte leestijd":"2 minuten"},"schema":{"@context":"https:\/\/schema.org","@graph":[{"@type":"WebPage","@id":"https:\/\/www.cubelamer.eu\/der-park\/","url":"https:\/\/www.cubelamer.eu\/der-park\/","name":"Der Park | Cube La Mer","isPartOf":{"@id":"https:\/\/www.cubelamer.eu\/#website"},"primaryImageOfPage":{"@id":"https:\/\/www.cubelamer.eu\/der-park\/#primaryimage"},"image":{"@id":"https:\/\/www.cubelamer.eu\/der-park\/#primaryimage"},"thumbnailUrl":"https:\/\/www.cubelamer.eu\/wp-content\/uploads\/2021\/01\/Strand-im-Droompark.jpeg","datePublished":"2021-01-30T10:49:37+00:00","dateModified":"2022-01-18T14:50:48+00:00","breadcrumb":{"@id":"https:\/\/www.cubelamer.eu\/der-park\/#breadcrumb"},"inLanguage":"nl-NL","potentialAction":[{"@type":"ReadAction","target":["https:\/\/www.cubelamer.eu\/der-park\/"]}]},{"@type":"ImageObject","inLanguage":"nl-NL","@id":"https:\/\/www.cubelamer.eu\/der-park\/#primaryimage","url":"https:\/\/www.cubelamer.eu\/wp-content\/uploads\/2021\/01\/Strand-im-Droompark.jpeg","contentUrl":"https:\/\/www.cubelamer.eu\/wp-content\/uploads\/2021\/01\/Strand-im-Droompark.jpeg","width":2560,"height":914,"caption":"Strand im Droompark Bad Hoophuizen"},{"@type":"BreadcrumbList","@id":"https:\/\/www.cubelamer.eu\/der-park\/#breadcrumb","itemListElement":[{"@type":"ListItem","position":1,"name":"Startseite","item":"https:\/\/www.cubelamer.eu\/"},{"@type":"ListItem","position":2,"name":"Der Park"}]},{"@type":"WebSite","@id":"https:\/\/www.cubelamer.eu\/#website","url":"https:\/\/www.cubelamer.eu\/","name":"Cube La Mer","description":"","publisher":{"@id":"https:\/\/www.cubelamer.eu\/#organization"},"potentialAction":[{"@type":"SearchAction","target":{"@type":"EntryPoint","urlTemplate":"https:\/\/www.cubelamer.eu\/?s={search_term_string}"},"query-input":{"@type":"PropertyValueSpecification","valueRequired":true,"valueName":"search_term_string"}}],"inLanguage":"nl-NL"},{"@type":"Organization","@id":"https:\/\/www.cubelamer.eu\/#organization","name":"Cube La Mer","url":"https:\/\/www.cubelamer.eu\/","logo":{"@type":"ImageObject","inLanguage":"nl-NL","@id":"https:\/\/www.cubelamer.eu\/#\/schema\/logo\/image\/","url":"https:\/\/www.cubelamer.eu\/wp-content\/uploads\/2021\/01\/Cube-La-Mer_weiss.png","contentUrl":"https:\/\/www.cubelamer.eu\/wp-content\/uploads\/2021\/01\/Cube-La-Mer_weiss.png","width":3508,"height":526,"caption":"Cube La Mer"},"image":{"@id":"https:\/\/www.cubelamer.eu\/#\/schema\/logo\/image\/"},"sameAs":["https:\/\/www.instagram.com\/cubelamer\/","https:\/\/youtu.be\/ahO3uqYhij0"]}]}},"_links":{"self":[{"href":"https:\/\/www.cubelamer.eu\/nl\/wp-json\/wp\/v2\/pages\/350","targetHints":{"allow":["GET"]}}],"collection":[{"href":"https:\/\/www.cubelamer.eu\/nl\/wp-json\/wp\/v2\/pages"}],"about":[{"href":"https:\/\/www.cubelamer.eu\/nl\/wp-json\/wp\/v2\/types\/page"}],"author":[{"embeddable":true,"href":"https:\/\/www.cubelamer.eu\/nl\/wp-json\/wp\/v2\/users\/1"}],"replies":[{"embeddable":true,"href":"https:\/\/www.cubelamer.eu\/nl\/wp-json\/wp\/v2\/comments?post=350"}],"version-history":[{"count":13,"href":"https:\/\/www.cubelamer.eu\/nl\/wp-json\/wp\/v2\/pages\/350\/revisions"}],"predecessor-version":[{"id":1031,"href":"https:\/\/www.cubelamer.eu\/nl\/wp-json\/wp\/v2\/pages\/350\/revisions\/1031"}],"wp:featuredmedia":[{"embeddable":true,"href":"https:\/\/www.cubelamer.eu\/nl\/wp-json\/wp\/v2\/media\/523"}],"wp:attachment":[{"href":"https:\/\/www.cubelamer.eu\/nl\/wp-json\/wp\/v2\/media?parent=350"}],"curies":[{"name":"wp","href":"https:\/\/api.w.org\/{rel}","templated":true}]}}