{"id":352,"date":"2021-01-30T11:49:55","date_gmt":"2021-01-30T10:49:55","guid":{"rendered":"http:\/\/www.cubelamer.eu\/?page_id=352"},"modified":"2021-09-14T14:00:57","modified_gmt":"2021-09-14T12:00:57","slug":"die-umgebung","status":"publish","type":"page","link":"http:\/\/www.cubelamer.eu\/nl\/die-umgebung\/","title":{"rendered":"De Omgeving"},"content":{"rendered":"<p>Welkom op de Hoge Veluwe<\/p>\n\n\n\n<h2 class=\"has-text-color wp-block-heading\" style=\"color:#0071a1\">Nationaal park De Hoge Veluwe<\/h2>\n\n\n\n<p class=\"has-drop-cap\">Het&nbsp;<strong>Nationaal park De Hoge Veluwe<\/strong>&nbsp;(kort&nbsp;<strong>Hoge Veluwe<\/strong>) is een natuurpark in de provincie Gelderland. Kenmerkend voor De Hoge Veluwe is een afwisseling van heide en bosgebieden. Ook zijn er grote zandgraslanden te vinden in het noorden van het natuurpark en in het westen zijn jeneverbesstruiken aanwezig. Met jaarlijks 500. 000 bezoekers is De Hoge Veluwe een van de populairste heidegebieden in Centraal - Europa.<\/p>\n\n\n\n<div class=\"wp-block-media-text alignwide is-stacked-on-mobile\"><figure class=\"wp-block-media-text__media\"><img fetchpriority=\"high\" decoding=\"async\" width=\"919\" height=\"600\" src=\"http:\/\/www.cubelamer.eu\/wp-content\/uploads\/2021\/01\/Niederlande.jpeg\" alt=\"\" class=\"wp-image-542 size-full\" srcset=\"https:\/\/www.cubelamer.eu\/wp-content\/uploads\/2021\/01\/Niederlande.jpeg 919w, https:\/\/www.cubelamer.eu\/wp-content\/uploads\/2021\/01\/Niederlande-300x196.jpeg 300w, https:\/\/www.cubelamer.eu\/wp-content\/uploads\/2021\/01\/Niederlande-768x501.jpeg 768w\" sizes=\"(max-width: 919px) 100vw, 919px\" \/><\/figure><div class=\"wp-block-media-text__content\">\n<h3 class=\"has-text-color wp-block-heading\" style=\"color:#0071a1\">Activiteiten in de regio<\/h3>\n\n\n\n<p class=\"has-normal-font-size\">Het prachtige natuurgebied&nbsp;<a rel=\"noreferrer noopener\" href=\"https:\/\/www.hogeveluwe.nl\/de\" target=\"_blank\">De Hoge Veluwe<\/a>, de mooiste golfbaan van de regio -&nbsp;<a rel=\"noreferrer noopener\" href=\"https:\/\/www.golfenophetrijk.nl\/nunspeet.html\" target=\"_blank\">Golfbaan het Rijk<\/a>, sauna de&nbsp;<a rel=\"noreferrer noopener\" href=\"https:\/\/zwaluwhoeve.nl\/campagnes\/verwellness-jezelf?gclid=Cj0KCQjwrrXtBRCKARIsAMbU6bH_WEuy7rzuzghuZjVWPmQ4vBcCN3ATflyQO3xiXNdtzUNTS3MPujEaAr8dEALw_wcB\" target=\"_blank\">Zwaluwhoeve<\/a>&nbsp;- of&nbsp;<a rel=\"noreferrer noopener\" href=\"https:\/\/windywaters.nl\/?lang=de\" target=\"_blank\">zeilen of surfen<\/a>,&nbsp;<a rel=\"noreferrer noopener\" href=\"https:\/\/www.natuurmonumenten.nl\/natuurgebieden\/leuvenumse-bossen\" target=\"_blank\">fietsen<\/a>,&nbsp;<a rel=\"noreferrer noopener\" href=\"https:\/\/www.natuurmonumenten.nl\/natuurgebieden\/leuvenumse-bossen\" target=\"_blank\">wandelen<\/a>, hardlopen, kastelen of landgoederen bezoeken, het&nbsp;<a rel=\"noreferrer noopener\" href=\"https:\/\/www.dolfinarium.nl\/de\/\" target=\"_blank\">Dolfinarium<\/a>, het adembenemende pretpark&nbsp;<a rel=\"noreferrer noopener\" href=\"https:\/\/www.walibi.nl\/nl?gclid=Cj0KCQjwrrXtBRCKARIsAMbU6bEqJNmW9KYbe2RTE-5OH-znhCSqe9PXU_JrY2n8eYwdk7tMl8TN-l8aAmCiEALw_wcB\" target=\"_blank\">Walibi<\/a>, speeltuinen (binnen \/ buiten) of de omliggende prachtige kleine steden - een garantie voor een onvergetelijke vakantie!<\/p>\n<\/div><\/div>\n\n\n\n<div class=\"wp-block-media-text alignwide has-media-on-the-right is-stacked-on-mobile\"><figure class=\"wp-block-media-text__media\"><img decoding=\"async\" width=\"1024\" height=\"512\" src=\"http:\/\/www.cubelamer.eu\/wp-content\/uploads\/2021\/01\/Wassersport-1024x512.jpeg\" alt=\"\" class=\"wp-image-543 size-full\" srcset=\"https:\/\/www.cubelamer.eu\/wp-content\/uploads\/2021\/01\/Wassersport-1024x512.jpeg 1024w, https:\/\/www.cubelamer.eu\/wp-content\/uploads\/2021\/01\/Wassersport-300x150.jpeg 300w, https:\/\/www.cubelamer.eu\/wp-content\/uploads\/2021\/01\/Wassersport-768x384.jpeg 768w, https:\/\/www.cubelamer.eu\/wp-content\/uploads\/2021\/01\/Wassersport.jpeg 1200w\" sizes=\"(max-width: 1024px) 100vw, 1024px\" \/><\/figure><div class=\"wp-block-media-text__content\">\n<p>   <\/p>\n\n\n\n<h3 class=\"has-text-color wp-block-heading\" style=\"color:#0071a1\">Een eldorado voor watersporters<\/h3>\n\n\n\n<p class=\"has-normal-font-size\">Natuur, (water)sport, cultuur of pure ontspanning - zijn dat tegenpolen? Nee - een vakantie in onze\u00a0<em>Cube La Mer<\/em>\u00a0in het midden van EuroParcs Bad Hoophuizen is een paradijs voor activiteit en rust. Enerzijds, nodigt de uitgestrektheid van het natuurgebied \"De Hoge Veluwe\" uit tot fietstochten en wandelingen. Anderzijds, biedt het Veluwemeer watersporters een waar eldorado aan mogelijkheden.<\/p>\n<\/div><\/div>","protected":false},"excerpt":{"rendered":"<p>Willkommen in der Hoge Veluwe Nationalpark De Hoge Veluwe Der&nbsp;Nationalpark De Hoge Veluwe&nbsp;(kurz&nbsp;Hoge Veluwe) ist ein Naturpark in der Provinz Gelderland. Typisch f\u00fcr De Hoge Veluwe ist eine wechselhafte Verteilung von Wald- und Heidefl\u00e4chen. Im Norden des Naturparks befinden sich au\u00dferdem gro\u00dfe Sandmagerrasen. Im Westen gibt es noch einen Wacholder-Restbestand. Mit j\u00e4hrlich \u00fcber 500.000 Besuchern&hellip;&nbsp;<a href=\"http:\/\/www.cubelamer.eu\/nl\/die-umgebung\/\" class=\"\" rel=\"bookmark\">Lees verder &raquo;<span class=\"screen-reader-text\">De Omgeving<\/span><\/a><\/p>","protected":false},"author":1,"featured_media":0,"parent":0,"menu_order":0,"comment_status":"closed","ping_status":"closed","template":"","meta":{"neve_meta_sidebar":"full-width","neve_meta_container":"","neve_meta_enable_content_width":"on","neve_meta_content_width":100,"neve_meta_title_alignment":"","neve_meta_author_avatar":"","neve_post_elements_order":"","neve_meta_disable_header":"","neve_meta_disable_footer":"","neve_meta_disable_title":"","footnotes":""},"class_list":["post-352","page","type-page","status-publish","hentry"],"yoast_head":"<!-- This site is optimized with the Yoast SEO plugin v24.1 - https:\/\/yoast.com\/wordpress\/plugins\/seo\/ -->\n<title>Die Umgebung | Cube La Mer<\/title>\n<meta name=\"robots\" content=\"index, follow, max-snippet:-1, max-image-preview:large, max-video-preview:-1\" \/>\n<link rel=\"canonical\" href=\"https:\/\/www.cubelamer.eu\/nl\/die-umgebung\/\" \/>\n<meta property=\"og:locale\" content=\"nl_NL\" \/>\n<meta property=\"og:type\" content=\"article\" \/>\n<meta property=\"og:title\" content=\"Die Umgebung | Cube La Mer\" \/>\n<meta property=\"og:description\" content=\"Willkommen in der Hoge Veluwe Nationalpark De Hoge Veluwe Der&nbsp;Nationalpark De Hoge Veluwe&nbsp;(kurz&nbsp;Hoge Veluwe) ist ein Naturpark in der Provinz Gelderland. Typisch f\u00fcr De Hoge Veluwe ist eine wechselhafte Verteilung von Wald- und Heidefl\u00e4chen. Im Norden des Naturparks befinden sich au\u00dferdem gro\u00dfe Sandmagerrasen. Im Westen gibt es noch einen Wacholder-Restbestand. Mit j\u00e4hrlich \u00fcber 500.000 Besuchern&hellip;&nbsp;Lees verder &raquo;Die Umgebung\" \/>\n<meta property=\"og:url\" content=\"https:\/\/www.cubelamer.eu\/nl\/die-umgebung\/\" \/>\n<meta property=\"og:site_name\" content=\"Cube La Mer\" \/>\n<meta property=\"article:modified_time\" content=\"2021-09-14T12:00:57+00:00\" \/>\n<meta property=\"og:image\" content=\"http:\/\/www.cubelamer.eu\/wp-content\/uploads\/2021\/01\/Niederlande.jpeg\" \/>\n<meta name=\"twitter:card\" content=\"summary_large_image\" \/>\n<meta name=\"twitter:label1\" content=\"Verwachte leestijd\" \/>\n\t<meta name=\"twitter:data1\" content=\"2 minuten\" \/>\n<script type=\"application\/ld+json\" class=\"yoast-schema-graph\">{\"@context\":\"https:\/\/schema.org\",\"@graph\":[{\"@type\":\"WebPage\",\"@id\":\"https:\/\/www.cubelamer.eu\/die-umgebung\/\",\"url\":\"https:\/\/www.cubelamer.eu\/die-umgebung\/\",\"name\":\"Die Umgebung | Cube La Mer\",\"isPartOf\":{\"@id\":\"https:\/\/www.cubelamer.eu\/#website\"},\"primaryImageOfPage\":{\"@id\":\"https:\/\/www.cubelamer.eu\/die-umgebung\/#primaryimage\"},\"image\":{\"@id\":\"https:\/\/www.cubelamer.eu\/die-umgebung\/#primaryimage\"},\"thumbnailUrl\":\"http:\/\/www.cubelamer.eu\/wp-content\/uploads\/2021\/01\/Niederlande.jpeg\",\"datePublished\":\"2021-01-30T10:49:55+00:00\",\"dateModified\":\"2021-09-14T12:00:57+00:00\",\"breadcrumb\":{\"@id\":\"https:\/\/www.cubelamer.eu\/die-umgebung\/#breadcrumb\"},\"inLanguage\":\"nl-NL\",\"potentialAction\":[{\"@type\":\"ReadAction\",\"target\":[\"https:\/\/www.cubelamer.eu\/die-umgebung\/\"]}]},{\"@type\":\"ImageObject\",\"inLanguage\":\"nl-NL\",\"@id\":\"https:\/\/www.cubelamer.eu\/die-umgebung\/#primaryimage\",\"url\":\"http:\/\/www.cubelamer.eu\/wp-content\/uploads\/2021\/01\/Niederlande.jpeg\",\"contentUrl\":\"http:\/\/www.cubelamer.eu\/wp-content\/uploads\/2021\/01\/Niederlande.jpeg\"},{\"@type\":\"BreadcrumbList\",\"@id\":\"https:\/\/www.cubelamer.eu\/die-umgebung\/#breadcrumb\",\"itemListElement\":[{\"@type\":\"ListItem\",\"position\":1,\"name\":\"Startseite\",\"item\":\"https:\/\/www.cubelamer.eu\/\"},{\"@type\":\"ListItem\",\"position\":2,\"name\":\"Die Umgebung\"}]},{\"@type\":\"WebSite\",\"@id\":\"https:\/\/www.cubelamer.eu\/#website\",\"url\":\"https:\/\/www.cubelamer.eu\/\",\"name\":\"Cube La Mer\",\"description\":\"\",\"publisher\":{\"@id\":\"https:\/\/www.cubelamer.eu\/#organization\"},\"potentialAction\":[{\"@type\":\"SearchAction\",\"target\":{\"@type\":\"EntryPoint\",\"urlTemplate\":\"https:\/\/www.cubelamer.eu\/?s={search_term_string}\"},\"query-input\":{\"@type\":\"PropertyValueSpecification\",\"valueRequired\":true,\"valueName\":\"search_term_string\"}}],\"inLanguage\":\"nl-NL\"},{\"@type\":\"Organization\",\"@id\":\"https:\/\/www.cubelamer.eu\/#organization\",\"name\":\"Cube La Mer\",\"url\":\"https:\/\/www.cubelamer.eu\/\",\"logo\":{\"@type\":\"ImageObject\",\"inLanguage\":\"nl-NL\",\"@id\":\"https:\/\/www.cubelamer.eu\/#\/schema\/logo\/image\/\",\"url\":\"https:\/\/www.cubelamer.eu\/wp-content\/uploads\/2021\/01\/Cube-La-Mer_weiss.png\",\"contentUrl\":\"https:\/\/www.cubelamer.eu\/wp-content\/uploads\/2021\/01\/Cube-La-Mer_weiss.png\",\"width\":3508,\"height\":526,\"caption\":\"Cube La Mer\"},\"image\":{\"@id\":\"https:\/\/www.cubelamer.eu\/#\/schema\/logo\/image\/\"},\"sameAs\":[\"https:\/\/www.instagram.com\/cubelamer\/\",\"https:\/\/youtu.be\/ahO3uqYhij0\"]}]}<\/script>\n<!-- \/ Yoast SEO plugin. -->","yoast_head_json":{"title":"Die Umgebung | Cube La Mer","robots":{"index":"index","follow":"follow","max-snippet":"max-snippet:-1","max-image-preview":"max-image-preview:large","max-video-preview":"max-video-preview:-1"},"canonical":"https:\/\/www.cubelamer.eu\/nl\/die-umgebung\/","og_locale":"nl_NL","og_type":"article","og_title":"Die Umgebung | Cube La Mer","og_description":"Willkommen in der Hoge Veluwe Nationalpark De Hoge Veluwe Der&nbsp;Nationalpark De Hoge Veluwe&nbsp;(kurz&nbsp;Hoge Veluwe) ist ein Naturpark in der Provinz Gelderland. Typisch f\u00fcr De Hoge Veluwe ist eine wechselhafte Verteilung von Wald- und Heidefl\u00e4chen. Im Norden des Naturparks befinden sich au\u00dferdem gro\u00dfe Sandmagerrasen. Im Westen gibt es noch einen Wacholder-Restbestand. Mit j\u00e4hrlich \u00fcber 500.000 Besuchern&hellip;&nbsp;Lees verder &raquo;Die Umgebung","og_url":"https:\/\/www.cubelamer.eu\/nl\/die-umgebung\/","og_site_name":"Cube La Mer","article_modified_time":"2021-09-14T12:00:57+00:00","og_image":[{"url":"http:\/\/www.cubelamer.eu\/wp-content\/uploads\/2021\/01\/Niederlande.jpeg","type":"","width":"","height":""}],"twitter_card":"summary_large_image","twitter_misc":{"Verwachte leestijd":"2 minuten"},"schema":{"@context":"https:\/\/schema.org","@graph":[{"@type":"WebPage","@id":"https:\/\/www.cubelamer.eu\/die-umgebung\/","url":"https:\/\/www.cubelamer.eu\/die-umgebung\/","name":"Die Umgebung | Cube La Mer","isPartOf":{"@id":"https:\/\/www.cubelamer.eu\/#website"},"primaryImageOfPage":{"@id":"https:\/\/www.cubelamer.eu\/die-umgebung\/#primaryimage"},"image":{"@id":"https:\/\/www.cubelamer.eu\/die-umgebung\/#primaryimage"},"thumbnailUrl":"http:\/\/www.cubelamer.eu\/wp-content\/uploads\/2021\/01\/Niederlande.jpeg","datePublished":"2021-01-30T10:49:55+00:00","dateModified":"2021-09-14T12:00:57+00:00","breadcrumb":{"@id":"https:\/\/www.cubelamer.eu\/die-umgebung\/#breadcrumb"},"inLanguage":"nl-NL","potentialAction":[{"@type":"ReadAction","target":["https:\/\/www.cubelamer.eu\/die-umgebung\/"]}]},{"@type":"ImageObject","inLanguage":"nl-NL","@id":"https:\/\/www.cubelamer.eu\/die-umgebung\/#primaryimage","url":"http:\/\/www.cubelamer.eu\/wp-content\/uploads\/2021\/01\/Niederlande.jpeg","contentUrl":"http:\/\/www.cubelamer.eu\/wp-content\/uploads\/2021\/01\/Niederlande.jpeg"},{"@type":"BreadcrumbList","@id":"https:\/\/www.cubelamer.eu\/die-umgebung\/#breadcrumb","itemListElement":[{"@type":"ListItem","position":1,"name":"Startseite","item":"https:\/\/www.cubelamer.eu\/"},{"@type":"ListItem","position":2,"name":"Die Umgebung"}]},{"@type":"WebSite","@id":"https:\/\/www.cubelamer.eu\/#website","url":"https:\/\/www.cubelamer.eu\/","name":"Cube La Mer","description":"","publisher":{"@id":"https:\/\/www.cubelamer.eu\/#organization"},"potentialAction":[{"@type":"SearchAction","target":{"@type":"EntryPoint","urlTemplate":"https:\/\/www.cubelamer.eu\/?s={search_term_string}"},"query-input":{"@type":"PropertyValueSpecification","valueRequired":true,"valueName":"search_term_string"}}],"inLanguage":"nl-NL"},{"@type":"Organization","@id":"https:\/\/www.cubelamer.eu\/#organization","name":"Cube La Mer","url":"https:\/\/www.cubelamer.eu\/","logo":{"@type":"ImageObject","inLanguage":"nl-NL","@id":"https:\/\/www.cubelamer.eu\/#\/schema\/logo\/image\/","url":"https:\/\/www.cubelamer.eu\/wp-content\/uploads\/2021\/01\/Cube-La-Mer_weiss.png","contentUrl":"https:\/\/www.cubelamer.eu\/wp-content\/uploads\/2021\/01\/Cube-La-Mer_weiss.png","width":3508,"height":526,"caption":"Cube La Mer"},"image":{"@id":"https:\/\/www.cubelamer.eu\/#\/schema\/logo\/image\/"},"sameAs":["https:\/\/www.instagram.com\/cubelamer\/","https:\/\/youtu.be\/ahO3uqYhij0"]}]}},"_links":{"self":[{"href":"http:\/\/www.cubelamer.eu\/nl\/wp-json\/wp\/v2\/pages\/352","targetHints":{"allow":["GET"]}}],"collection":[{"href":"http:\/\/www.cubelamer.eu\/nl\/wp-json\/wp\/v2\/pages"}],"about":[{"href":"http:\/\/www.cubelamer.eu\/nl\/wp-json\/wp\/v2\/types\/page"}],"author":[{"embeddable":true,"href":"http:\/\/www.cubelamer.eu\/nl\/wp-json\/wp\/v2\/users\/1"}],"replies":[{"embeddable":true,"href":"http:\/\/www.cubelamer.eu\/nl\/wp-json\/wp\/v2\/comments?post=352"}],"version-history":[{"count":1,"href":"http:\/\/www.cubelamer.eu\/nl\/wp-json\/wp\/v2\/pages\/352\/revisions"}],"predecessor-version":[{"id":1015,"href":"http:\/\/www.cubelamer.eu\/nl\/wp-json\/wp\/v2\/pages\/352\/revisions\/1015"}],"wp:attachment":[{"href":"http:\/\/www.cubelamer.eu\/nl\/wp-json\/wp\/v2\/media?parent=352"}],"curies":[{"name":"wp","href":"https:\/\/api.w.org\/{rel}","templated":true}]}}